{"id":437,"date":"2025-03-06T14:13:16","date_gmt":"2025-03-06T14:13:16","guid":{"rendered":"https:\/\/www.tonelera8artesanos.com\/?page_id=437"},"modified":"2025-03-20T10:50:28","modified_gmt":"2025-03-20T10:50:28","slug":"equipo","status":"publish","type":"page","link":"https:\/\/www.tonelera8artesanos.com\/index.php\/la-empresa\/equipo\/","title":{"rendered":"PASI\u00d3N COMPARTIDA, LA EXCELENCIA EN EQUIPO"},"content":{"rendered":"\t\t<div data-elementor-type=\"wp-page\" data-elementor-id=\"437\" class=\"elementor elementor-437\" data-elementor-post-type=\"page\">\n\t\t\t\t<div class=\"elementor-element elementor-element-59a6cad e-flex e-con-boxed elementor-invisible e-con e-parent\" data-id=\"59a6cad\" data-element_type=\"container\" data-settings=\"{&quot;animation_mobile&quot;:&quot;fadeIn&quot;,&quot;animation&quot;:&quot;fadeIn&quot;}\">\n\t\t\t\t\t<div class=\"e-con-inner\">\n\t\t\t\t<div class=\"elementor-element elementor-element-6d9d243 elementor-headline--style-highlight elementor-widget elementor-widget-animated-headline\" data-id=\"6d9d243\" data-element_type=\"widget\" data-settings=\"{&quot;highlighted_text&quot;:&quot;Nuestra Toneleria, Nuestra Tradici\\u00f3n.&quot;,&quot;marker&quot;:&quot;underline&quot;,&quot;headline_style&quot;:&quot;highlight&quot;,&quot;loop&quot;:&quot;yes&quot;,&quot;highlight_animation_duration&quot;:1200,&quot;highlight_iteration_delay&quot;:8000}\" data-widget_type=\"animated-headline.default\">\n\t\t\t\t<div class=\"elementor-widget-container\">\n\t\t\t\t\t\t\t<h3 class=\"elementor-headline\">\n\t\t\t\t\t<span class=\"elementor-headline-plain-text elementor-headline-text-wrapper\">Un Legado de Pasi\u00f3n y Sabor.<\/span>\n\t\t\t\t<span class=\"elementor-headline-dynamic-wrapper elementor-headline-text-wrapper\">\n\t\t\t\t\t<span class=\"elementor-headline-dynamic-text elementor-headline-text-active\">Nuestra Toneleria, Nuestra Tradici\u00f3n.<\/span>\n\t\t\t\t<\/span>\n\t\t\t\t<\/h3>\n\t\t\t\t\t\t<\/div>\n\t\t\t\t<\/div>\n\t\t<div class=\"elementor-element elementor-element-f3a7cfd e-grid e-con-full elementor-invisible e-con e-child\" data-id=\"f3a7cfd\" data-element_type=\"container\" data-settings=\"{&quot;background_background&quot;:&quot;classic&quot;,&quot;animation&quot;:&quot;fadeIn&quot;}\">\n\t\t\t\t<div class=\"elementor-element elementor-element-865ed66 elementor-invisible elementor-widget elementor-widget-text-editor\" data-id=\"865ed66\" data-element_type=\"widget\" data-settings=\"{&quot;_animation&quot;:&quot;zoomInDown&quot;}\" data-widget_type=\"text-editor.default\">\n\t\t\t\t<div class=\"elementor-widget-container\">\n\t\t\t\t\t\t\t\t\t<p style=\"font-size: 14px; line-height: 21px;\">En el coraz\u00f3n de nuestra T<strong style=\"font-size: 14px;\">oneler\u00eda<\/strong>\u00a0reside un tesoro invaluable: nuestro equipo de M<strong style=\"font-size: 14px;\">aestros Toneleros<\/strong>. Hombres cuyas manos han sido moldeadas por generaciones de\u00a0<strong style=\"font-size: 14px;\">tradici\u00f3n<\/strong>, portadores de un legado que se transmite con orgullo y dedicaci\u00f3n. Cada uno de ellos, un artesano consumado, ha dedicado su vida al noble oficio de la\u00a0<strong style=\"font-size: 14px;\">toneler\u00eda<\/strong>, acumulando d\u00e9cadas de experiencia y perfeccionando sus habilidades hasta alcanzar la excelencia.<\/p><p style=\"font-size: 14px; line-height: 21px;\">Su sabidur\u00eda ancestral se refleja en cada\u00a0<strong style=\"font-size: 14px;\">duela<\/strong>\u00a0cuidadosamente seleccionada, en cada\u00a0<strong style=\"font-size: 14px;\">aro<\/strong>\u00a0forjado con precisi\u00f3n, en cada detalle meticulosamente elaborado. Son los guardianes de los secretos de la\u00a0<strong style=\"font-size: 14px;\">madera<\/strong>, capaces de escuchar su lenguaje y extraer su esencia para transformarla en\u00a0<strong style=\"font-size: 14px;\">toneles<\/strong>\u00a0de calidad insuperable, aptos para una amplia gama de\u00a0<strong style=\"font-size: 14px;\">bebidas<\/strong>.<\/p>\t\t\t\t\t\t\t\t<\/div>\n\t\t\t\t<\/div>\n\t\t\t\t<div class=\"elementor-element elementor-element-eca198f elementor-skin-carousel elementor-arrows-yes elementor-pagination-type-bullets elementor-pagination-position-outside elementor-widget elementor-widget-media-carousel\" data-id=\"eca198f\" data-element_type=\"widget\" data-settings=\"{&quot;skin&quot;:&quot;carousel&quot;,&quot;effect&quot;:&quot;slide&quot;,&quot;show_arrows&quot;:&quot;yes&quot;,&quot;pagination&quot;:&quot;bullets&quot;,&quot;speed&quot;:500,&quot;autoplay&quot;:&quot;yes&quot;,&quot;autoplay_speed&quot;:5000,&quot;loop&quot;:&quot;yes&quot;,&quot;pause_on_hover&quot;:&quot;yes&quot;,&quot;pause_on_interaction&quot;:&quot;yes&quot;,&quot;space_between&quot;:{&quot;unit&quot;:&quot;px&quot;,&quot;size&quot;:10,&quot;sizes&quot;:[]},&quot;space_between_tablet&quot;:{&quot;unit&quot;:&quot;px&quot;,&quot;size&quot;:10,&quot;sizes&quot;:[]},&quot;space_between_mobile&quot;:{&quot;unit&quot;:&quot;px&quot;,&quot;size&quot;:10,&quot;sizes&quot;:[]}}\" data-widget_type=\"media-carousel.default\">\n\t\t\t\t<div class=\"elementor-widget-container\">\n\t\t\t\t\t\t\t\t\t<div class=\"elementor-swiper\">\n\t\t\t\t\t<div class=\"elementor-main-swiper swiper\" role=\"region\" aria-roledescription=\"carousel\" aria-label=\"Slides\">\n\t\t\t\t<div class=\"swiper-wrapper\">\n\t\t\t\t\t\t\t\t\t\t\t<div class=\"swiper-slide\" role=\"group\" aria-roledescription=\"slide\">\n\t\t\t\t\t\t\t\t\t<div class=\"elementor-carousel-image\" role=\"img\" aria-label=\"Foto 17-3-25, 20 51 37\" style=\"background-image: url(&#039;https:\/\/www.tonelera8artesanos.com\/wp-content\/uploads\/2025\/03\/Foto-17-3-25-20-51-37.jpg&#039;)\">\n\n\t\t\t\n\t\t\t\t\t<\/div>\n\t\t\t\t\t\t\t\t<\/div>\n\t\t\t\t\t\t\t\t\t\t\t<div class=\"swiper-slide\" role=\"group\" aria-roledescription=\"slide\">\n\t\t\t\t\t\t\t\t\t<div class=\"elementor-carousel-image\" role=\"img\" aria-label=\"Foto 17-3-25, 20 51 35\" style=\"background-image: url(&#039;https:\/\/www.tonelera8artesanos.com\/wp-content\/uploads\/2025\/03\/Foto-17-3-25-20-51-35.jpg&#039;)\">\n\n\t\t\t\n\t\t\t\t\t<\/div>\n\t\t\t\t\t\t\t\t<\/div>\n\t\t\t\t\t\t\t\t\t\t\t<div class=\"swiper-slide\" role=\"group\" aria-roledescription=\"slide\">\n\t\t\t\t\t\t\t\t\t<div class=\"elementor-carousel-image\" role=\"img\" aria-label=\"Foto 17-3-25, 20 51 35 (2)\" style=\"background-image: url(&#039;https:\/\/www.tonelera8artesanos.com\/wp-content\/uploads\/2025\/03\/Foto-17-3-25-20-51-35-2.jpg&#039;)\">\n\n\t\t\t\n\t\t\t\t\t<\/div>\n\t\t\t\t\t\t\t\t<\/div>\n\t\t\t\t\t\t\t\t\t\t\t<div class=\"swiper-slide\" role=\"group\" aria-roledescription=\"slide\">\n\t\t\t\t\t\t\t\t\t<div class=\"elementor-carousel-image\" role=\"img\" aria-label=\"Foto 17-3-25, 20 51 35 (1) (1)\" style=\"background-image: url(&#039;https:\/\/www.tonelera8artesanos.com\/wp-content\/uploads\/2025\/03\/Foto-17-3-25-20-51-35-1-1.jpg&#039;)\">\n\n\t\t\t\n\t\t\t\t\t<\/div>\n\t\t\t\t\t\t\t\t<\/div>\n\t\t\t\t\t\t\t\t\t\t\t<div class=\"swiper-slide\" role=\"group\" aria-roledescription=\"slide\">\n\t\t\t\t\t\t\t\t\t<div class=\"elementor-carousel-image\" role=\"img\" aria-label=\"Foto 18-3-25, 8 17 02 (4)\" style=\"background-image: url(&#039;https:\/\/www.tonelera8artesanos.com\/wp-content\/uploads\/2025\/03\/Foto-18-3-25-8-17-02-4.jpg&#039;)\">\n\n\t\t\t\n\t\t\t\t\t<\/div>\n\t\t\t\t\t\t\t\t<\/div>\n\t\t\t\t\t\t\t\t\t<\/div>\n\t\t\t\t\t\t\t\t\t\t\t\t\t\t\t<div class=\"elementor-swiper-button elementor-swiper-button-prev\" role=\"button\" tabindex=\"0\" aria-label=\"Previous\">\n\t\t\t\t\t\t\t<svg aria-hidden=\"true\" class=\"e-font-icon-svg e-eicon-chevron-left\" viewBox=\"0 0 1000 1000\" xmlns=\"http:\/\/www.w3.org\/2000\/svg\"><path d=\"M646 125C629 125 613 133 604 142L308 442C296 454 292 471 292 487 292 504 296 521 308 533L604 854C617 867 629 875 646 875 663 875 679 871 692 858 704 846 713 829 713 812 713 796 708 779 692 767L438 487 692 225C700 217 708 204 708 187 708 171 704 154 692 142 675 129 663 125 646 125Z\"><\/path><\/svg>\t\t\t\t\t\t<\/div>\n\t\t\t\t\t\t<div class=\"elementor-swiper-button elementor-swiper-button-next\" role=\"button\" tabindex=\"0\" aria-label=\"Next\">\n\t\t\t\t\t\t\t<svg aria-hidden=\"true\" class=\"e-font-icon-svg e-eicon-chevron-right\" viewBox=\"0 0 1000 1000\" xmlns=\"http:\/\/www.w3.org\/2000\/svg\"><path d=\"M696 533C708 521 713 504 713 487 713 471 708 454 696 446L400 146C388 133 375 125 354 125 338 125 325 129 313 142 300 154 292 171 292 187 292 204 296 221 308 233L563 492 304 771C292 783 288 800 288 817 288 833 296 850 308 863 321 871 338 875 354 875 371 875 388 867 400 854L696 533Z\"><\/path><\/svg>\t\t\t\t\t\t<\/div>\n\t\t\t\t\t\t\t\t\t\t\t\t\t\t\t\t<div class=\"swiper-pagination\"><\/div>\n\t\t\t\t\t\t\t\t\t\t\t\t<\/div>\n\t\t\t\t<\/div>\n\t\t\t\t\t\t\t\t<\/div>\n\t\t\t\t<\/div>\n\t\t\t\t<\/div>\n\t\t\t\t\t<\/div>\n\t\t\t\t<\/div>\n\t\t<div class=\"elementor-element elementor-element-5c91ff0 e-flex e-con-boxed e-con e-parent\" data-id=\"5c91ff0\" data-element_type=\"container\">\n\t\t\t\t\t<div class=\"e-con-inner\">\n\t\t\t\t<div class=\"elementor-element elementor-element-112dba4 elementor-invisible elementor-widget elementor-widget-text-editor\" data-id=\"112dba4\" data-element_type=\"widget\" data-settings=\"{&quot;_animation&quot;:&quot;zoomInDown&quot;}\" data-widget_type=\"text-editor.default\">\n\t\t\t\t<div class=\"elementor-widget-container\">\n\t\t\t\t\t\t\t\t\t<p style=\"line-height: 15.75pt;\"><span style=\"font-size: 10.5pt;\">La pasi\u00f3n que nos une trasciende lo profesional; somos una familia, un equipo cohesionado por el amor a nuestro oficio y el compromiso con la excelencia. Juntos, hemos forjado una sinergia \u00fanica, donde la experiencia de los m\u00e1s veteranos se fusiona con la innovaci\u00f3n de las nuevas generaciones, dando como resultado\u00a0<strong>toneles<\/strong>\u00a0que son verdaderas obras de arte, dise\u00f1ados para realzar los sabores de\u00a0<strong>vinos<\/strong>,\u00a0<strong>whiskies<\/strong>,\u00a0<strong>rones<\/strong>,\u00a0<strong>ginebras<\/strong>,\u00a0<strong>tequilas<\/strong>,\u00a0<strong>mezcales<\/strong>,\u00a0<strong>cervezas artesanales<\/strong>,\u00a0<strong>sidras<\/strong>,\u00a0<strong>vermuts<\/strong>\u00a0y otras\u00a0<strong>bebidas espirituosas<\/strong>.<\/span><\/p><p style=\"line-height: 15.75pt;\"><span style=\"font-size: 10.5pt;\">Nuestra dedicaci\u00f3n no conoce l\u00edmites. Cada\u00a0<strong>tonel<\/strong>\u00a0que sale de nuestro taller lleva consigo la impronta de nuestra\u00a0<strong>maestr\u00eda<\/strong>, la huella de nuestro compromiso con la calidad y la pasi\u00f3n que nos impulsa a crear los mejores\u00a0<strong>toneles artesanos<\/strong>\u00a0del mundo, capaces de realzar los sabores y aromas de cada creaci\u00f3n.<\/span><\/p>\t\t\t\t\t\t\t\t<\/div>\n\t\t\t\t<\/div>\n\t\t\t\t<div class=\"elementor-element elementor-element-b2573b0 elementor-skin-carousel elementor-arrows-yes elementor-pagination-type-bullets elementor-pagination-position-outside elementor-widget elementor-widget-media-carousel\" data-id=\"b2573b0\" data-element_type=\"widget\" data-settings=\"{&quot;skin&quot;:&quot;carousel&quot;,&quot;effect&quot;:&quot;slide&quot;,&quot;show_arrows&quot;:&quot;yes&quot;,&quot;pagination&quot;:&quot;bullets&quot;,&quot;speed&quot;:500,&quot;autoplay&quot;:&quot;yes&quot;,&quot;autoplay_speed&quot;:5000,&quot;loop&quot;:&quot;yes&quot;,&quot;pause_on_hover&quot;:&quot;yes&quot;,&quot;pause_on_interaction&quot;:&quot;yes&quot;,&quot;space_between&quot;:{&quot;unit&quot;:&quot;px&quot;,&quot;size&quot;:10,&quot;sizes&quot;:[]},&quot;space_between_tablet&quot;:{&quot;unit&quot;:&quot;px&quot;,&quot;size&quot;:10,&quot;sizes&quot;:[]},&quot;space_between_mobile&quot;:{&quot;unit&quot;:&quot;px&quot;,&quot;size&quot;:10,&quot;sizes&quot;:[]}}\" data-widget_type=\"media-carousel.default\">\n\t\t\t\t<div class=\"elementor-widget-container\">\n\t\t\t\t\t\t\t\t\t<div class=\"elementor-swiper\">\n\t\t\t\t\t<div class=\"elementor-main-swiper swiper\" role=\"region\" aria-roledescription=\"carousel\" aria-label=\"Slides\">\n\t\t\t\t<div class=\"swiper-wrapper\">\n\t\t\t\t\t\t\t\t\t\t\t<div class=\"swiper-slide\" role=\"group\" aria-roledescription=\"slide\">\n\t\t\t\t\t\t\t\t\t<div class=\"elementor-carousel-image\" role=\"img\" aria-label=\"Foto 17-3-25, 20 51 37 (3)\" style=\"background-image: url(&#039;https:\/\/www.tonelera8artesanos.com\/wp-content\/uploads\/2025\/03\/Foto-17-3-25-20-51-37-3.jpg&#039;)\">\n\n\t\t\t\n\t\t\t\t\t<\/div>\n\t\t\t\t\t\t\t\t<\/div>\n\t\t\t\t\t\t\t\t\t\t\t<div class=\"swiper-slide\" role=\"group\" aria-roledescription=\"slide\">\n\t\t\t\t\t\t\t\t\t<div class=\"elementor-carousel-image\" role=\"img\" aria-label=\"Foto 17-3-25, 20 51 37 (2)\" style=\"background-image: url(&#039;https:\/\/www.tonelera8artesanos.com\/wp-content\/uploads\/2025\/03\/Foto-17-3-25-20-51-37-2.jpg&#039;)\">\n\n\t\t\t\n\t\t\t\t\t<\/div>\n\t\t\t\t\t\t\t\t<\/div>\n\t\t\t\t\t\t\t\t\t\t\t<div class=\"swiper-slide\" role=\"group\" aria-roledescription=\"slide\">\n\t\t\t\t\t\t\t\t\t<div class=\"elementor-carousel-image\" role=\"img\" aria-label=\"Foto 17-3-25, 20 51 37 (1)\" style=\"background-image: url(&#039;https:\/\/www.tonelera8artesanos.com\/wp-content\/uploads\/2025\/03\/Foto-17-3-25-20-51-37-1.jpg&#039;)\">\n\n\t\t\t\n\t\t\t\t\t<\/div>\n\t\t\t\t\t\t\t\t<\/div>\n\t\t\t\t\t\t\t\t\t\t\t<div class=\"swiper-slide\" role=\"group\" aria-roledescription=\"slide\">\n\t\t\t\t\t\t\t\t\t<div class=\"elementor-carousel-image\" role=\"img\" aria-label=\"Foto 17-3-25, 20 51 36\" style=\"background-image: url(&#039;https:\/\/www.tonelera8artesanos.com\/wp-content\/uploads\/2025\/03\/Foto-17-3-25-20-51-36.jpg&#039;)\">\n\n\t\t\t\n\t\t\t\t\t<\/div>\n\t\t\t\t\t\t\t\t<\/div>\n\t\t\t\t\t\t\t\t\t\t\t<div class=\"swiper-slide\" role=\"group\" aria-roledescription=\"slide\">\n\t\t\t\t\t\t\t\t\t<div class=\"elementor-carousel-image\" role=\"img\" aria-label=\"Foto 17-3-25, 20 51 36 (2)\" style=\"background-image: url(&#039;https:\/\/www.tonelera8artesanos.com\/wp-content\/uploads\/2025\/03\/Foto-17-3-25-20-51-36-2.jpg&#039;)\">\n\n\t\t\t\n\t\t\t\t\t<\/div>\n\t\t\t\t\t\t\t\t<\/div>\n\t\t\t\t\t\t\t\t\t<\/div>\n\t\t\t\t\t\t\t\t\t\t\t\t\t\t\t<div class=\"elementor-swiper-button elementor-swiper-button-prev\" role=\"button\" tabindex=\"0\" aria-label=\"Previous\">\n\t\t\t\t\t\t\t<svg aria-hidden=\"true\" class=\"e-font-icon-svg e-eicon-chevron-left\" viewBox=\"0 0 1000 1000\" xmlns=\"http:\/\/www.w3.org\/2000\/svg\"><path d=\"M646 125C629 125 613 133 604 142L308 442C296 454 292 471 292 487 292 504 296 521 308 533L604 854C617 867 629 875 646 875 663 875 679 871 692 858 704 846 713 829 713 812 713 796 708 779 692 767L438 487 692 225C700 217 708 204 708 187 708 171 704 154 692 142 675 129 663 125 646 125Z\"><\/path><\/svg>\t\t\t\t\t\t<\/div>\n\t\t\t\t\t\t<div class=\"elementor-swiper-button elementor-swiper-button-next\" role=\"button\" tabindex=\"0\" aria-label=\"Next\">\n\t\t\t\t\t\t\t<svg aria-hidden=\"true\" class=\"e-font-icon-svg e-eicon-chevron-right\" viewBox=\"0 0 1000 1000\" xmlns=\"http:\/\/www.w3.org\/2000\/svg\"><path d=\"M696 533C708 521 713 504 713 487 713 471 708 454 696 446L400 146C388 133 375 125 354 125 338 125 325 129 313 142 300 154 292 171 292 187 292 204 296 221 308 233L563 492 304 771C292 783 288 800 288 817 288 833 296 850 308 863 321 871 338 875 354 875 371 875 388 867 400 854L696 533Z\"><\/path><\/svg>\t\t\t\t\t\t<\/div>\n\t\t\t\t\t\t\t\t\t\t\t\t\t\t\t\t<div class=\"swiper-pagination\"><\/div>\n\t\t\t\t\t\t\t\t\t\t\t\t<\/div>\n\t\t\t\t<\/div>\n\t\t\t\t\t\t\t\t<\/div>\n\t\t\t\t<\/div>\n\t\t<div class=\"elementor-element elementor-element-658321d e-con-full e-flex e-con e-child\" data-id=\"658321d\" data-element_type=\"container\">\n\t\t\t\t<div class=\"elementor-element elementor-element-c3ad343 elementor-invisible elementor-widget elementor-widget-text-editor\" data-id=\"c3ad343\" data-element_type=\"widget\" data-settings=\"{&quot;_animation&quot;:&quot;bounceIn&quot;}\" data-widget_type=\"text-editor.default\">\n\t\t\t\t<div class=\"elementor-widget-container\">\n\t\t\t\t\t\t\t\t\t<p style=\"line-height: 15.75pt;\"><span style=\"font-size: 10.5pt;\">En nuestra\u00a0<strong>toneler\u00eda<\/strong>, no solo encontrar\u00e1n\u00a0<strong>toneles<\/strong>, sino el alma de un equipo de\u00a0<strong>maestros toneleros<\/strong>\u00a0que han entregado su vida a un oficio milenario, un legado que perdurar\u00e1 en cada gota de\u00a0<strong>vino<\/strong>,\u00a0<strong>whisky<\/strong>,\u00a0<strong>ron<\/strong>,\u00a0<strong>ginebra<\/strong>,\u00a0<strong>cerveza<\/strong>\u00a0y dem\u00e1s\u00a0<strong>bebidas<\/strong>\u00a0que madure en nuestros\u00a0<strong>toneles<\/strong>.<\/span><\/p>\t\t\t\t\t\t\t\t<\/div>\n\t\t\t\t<\/div>\n\t\t\t\t<\/div>\n\t\t\t\t\t<\/div>\n\t\t\t\t<\/div>\n\t\t<div class=\"elementor-element elementor-element-9839967 e-flex e-con-boxed e-con e-parent\" data-id=\"9839967\" data-element_type=\"container\">\n\t\t\t\t\t<div class=\"e-con-inner\">\n\t\t\t\t<div class=\"elementor-element elementor-element-70ce27a elementor-align-center elementor-widget elementor-widget-button\" data-id=\"70ce27a\" data-element_type=\"widget\" data-widget_type=\"button.default\">\n\t\t\t\t<div class=\"elementor-widget-container\">\n\t\t\t\t\t\t\t\t\t<div class=\"elementor-button-wrapper\">\n\t\t\t\t\t<a class=\"elementor-button elementor-button-link elementor-size-sm\" href=\"https:\/\/www.tonelera8artesanos.com\/index.php\/nuestros-barriles\/\">\n\t\t\t\t\t\t<span class=\"elementor-button-content-wrapper\">\n\t\t\t\t\t\t\t\t\t<span class=\"elementor-button-text\">NUESTROS BARRILES<\/span>\n\t\t\t\t\t<\/span>\n\t\t\t\t\t<\/a>\n\t\t\t\t<\/div>\n\t\t\t\t\t\t\t\t<\/div>\n\t\t\t\t<\/div>\n\t\t\t\t\t<\/div>\n\t\t\t\t<\/div>\n\t\t\t\t<\/div>\n\t\t","protected":false},"excerpt":{"rendered":"<p>Un Legado de Pasi\u00f3n y Sabor. Nuestra Toneleria, Nuestra Tradici\u00f3n. En el coraz\u00f3n de nuestra Toneler\u00eda\u00a0reside un tesoro invaluable: nuestro equipo de Maestros Toneleros. Hombres cuyas manos han sido moldeadas por generaciones de\u00a0tradici\u00f3n, portadores de un legado que se transmite con orgullo y dedicaci\u00f3n. Cada uno de ellos, un artesano consumado, ha dedicado su vida&hellip; <br \/> <a class=\"button small blue\" href=\"https:\/\/www.tonelera8artesanos.com\/index.php\/la-empresa\/equipo\/\">Leer m\u00e1s<\/a><\/p>\n","protected":false},"author":1,"featured_media":0,"parent":198,"menu_order":0,"comment_status":"closed","ping_status":"closed","template":"","meta":{"ngg_post_thumbnail":0,"footnotes":""},"class_list":["post-437","page","type-page","status-publish","hentry"],"_links":{"self":[{"href":"https:\/\/www.tonelera8artesanos.com\/index.php\/wp-json\/wp\/v2\/pages\/437","targetHints":{"allow":["GET"]}}],"collection":[{"href":"https:\/\/www.tonelera8artesanos.com\/index.php\/wp-json\/wp\/v2\/pages"}],"about":[{"href":"https:\/\/www.tonelera8artesanos.com\/index.php\/wp-json\/wp\/v2\/types\/page"}],"author":[{"embeddable":true,"href":"https:\/\/www.tonelera8artesanos.com\/index.php\/wp-json\/wp\/v2\/users\/1"}],"replies":[{"embeddable":true,"href":"https:\/\/www.tonelera8artesanos.com\/index.php\/wp-json\/wp\/v2\/comments?post=437"}],"version-history":[{"count":27,"href":"https:\/\/www.tonelera8artesanos.com\/index.php\/wp-json\/wp\/v2\/pages\/437\/revisions"}],"predecessor-version":[{"id":860,"href":"https:\/\/www.tonelera8artesanos.com\/index.php\/wp-json\/wp\/v2\/pages\/437\/revisions\/860"}],"up":[{"embeddable":true,"href":"https:\/\/www.tonelera8artesanos.com\/index.php\/wp-json\/wp\/v2\/pages\/198"}],"wp:attachment":[{"href":"https:\/\/www.tonelera8artesanos.com\/index.php\/wp-json\/wp\/v2\/media?parent=437"}],"curies":[{"name":"wp","href":"https:\/\/api.w.org\/{rel}","templated":true}]}}