{"id":433,"date":"2025-03-06T14:10:55","date_gmt":"2025-03-06T14:10:55","guid":{"rendered":"https:\/\/www.tonelera8artesanos.com\/?page_id=433"},"modified":"2025-03-18T08:08:58","modified_gmt":"2025-03-18T08:08:58","slug":"historia","status":"publish","type":"page","link":"https:\/\/www.tonelera8artesanos.com\/index.php\/la-empresa\/historia\/","title":{"rendered":"NUESTRA HISTORIA, UN LEGADO DE TRADICI\u00d3N"},"content":{"rendered":"\t\t<div data-elementor-type=\"wp-page\" data-elementor-id=\"433\" class=\"elementor elementor-433\" data-elementor-post-type=\"page\">\n\t\t\t\t<div class=\"elementor-element elementor-element-a9e4f6c e-grid e-con-full elementor-invisible e-con e-parent\" data-id=\"a9e4f6c\" data-element_type=\"container\" data-settings=\"{&quot;background_background&quot;:&quot;classic&quot;,&quot;animation&quot;:&quot;fadeIn&quot;}\">\n\t\t\t\t<div class=\"elementor-element elementor-element-b4680ac e-transform elementor-invisible elementor-widget elementor-widget-text-editor\" data-id=\"b4680ac\" data-element_type=\"widget\" data-settings=\"{&quot;_animation&quot;:&quot;fadeInLeft&quot;,&quot;_transform_rotateZ_effect&quot;:{&quot;unit&quot;:&quot;px&quot;,&quot;size&quot;:&quot;&quot;,&quot;sizes&quot;:[]},&quot;_transform_rotateZ_effect_tablet&quot;:{&quot;unit&quot;:&quot;deg&quot;,&quot;size&quot;:&quot;&quot;,&quot;sizes&quot;:[]},&quot;_transform_rotateZ_effect_mobile&quot;:{&quot;unit&quot;:&quot;deg&quot;,&quot;size&quot;:&quot;&quot;,&quot;sizes&quot;:[]}}\" data-widget_type=\"text-editor.default\">\n\t\t\t\t<div class=\"elementor-widget-container\">\n\t\t\t\t\t\t\t\t\t<p><br><\/p>\n<p><br><\/p>\n<p><br><\/p>\n<p><span style=\"font-size: 14px; color: var( --e-global-color-text ); font-family: Roboto, sans-serif;\"><br><\/span><\/p><p><span style=\"font-size: 14px; color: var( --e-global-color-text ); font-family: Roboto, sans-serif;\">Nuestra historia se entrelaza con la de las <\/span><strong style=\"font-size: 14px; color: var( --e-global-color-text );\">bebidas<\/strong><span style=\"font-size: 14px; color: var( --e-global-color-text ); font-family: Roboto, sans-serif;\"> m\u00e1s apreciadas del mundo, desde los <\/span><strong style=\"font-size: 14px; color: var( --e-global-color-text );\">vinos<\/strong><span style=\"font-size: 14px; color: var( --e-global-color-text ); font-family: Roboto, sans-serif;\"> y <\/span><strong style=\"font-size: 14px; color: var( --e-global-color-text );\">whiskies<\/strong><span style=\"font-size: 14px; color: var( --e-global-color-text ); font-family: Roboto, sans-serif;\"> milenarios, hasta los <\/span><strong style=\"font-size: 14px; color: var( --e-global-color-text );\">rones<\/strong><span style=\"font-size: 14px; color: var( --e-global-color-text ); font-family: Roboto, sans-serif;\">, <\/span><strong style=\"font-size: 14px; color: var( --e-global-color-text );\">ginebras<\/strong><span style=\"font-size: 14px; color: var( --e-global-color-text ); font-family: Roboto, sans-serif;\">, <\/span><strong style=\"font-size: 14px; color: var( --e-global-color-text );\">tequilas<\/strong><span style=\"font-size: 14px; color: var( --e-global-color-text ); font-family: Roboto, sans-serif;\">, <\/span><strong style=\"font-size: 14px; color: var( --e-global-color-text );\">mezcales<\/strong><span style=\"font-size: 14px; color: var( --e-global-color-text ); font-family: Roboto, sans-serif;\">, <\/span><strong style=\"font-size: 14px; color: var( --e-global-color-text );\">cervezas artesanales<\/strong><span style=\"font-size: 14px; color: var( --e-global-color-text ); font-family: Roboto, sans-serif;\">, <\/span><strong style=\"font-size: 14px; color: var( --e-global-color-text );\">sidras<\/strong><span style=\"font-size: 14px; color: var( --e-global-color-text ); font-family: Roboto, sans-serif;\">, <\/span><strong style=\"font-size: 14px; color: var( --e-global-color-text );\">vermuts<\/strong><span style=\"font-size: 14px; color: var( --e-global-color-text ); font-family: Roboto, sans-serif;\"> y otras <\/span><strong style=\"font-size: 14px; color: var( --e-global-color-text );\">bebidas espirituosas<\/strong><br><\/p>\t\t\t\t\t\t\t\t<\/div>\n\t\t\t\t<\/div>\n\t\t\t\t<div class=\"elementor-element elementor-element-ab05d9b elementor-invisible elementor-widget elementor-widget-image\" data-id=\"ab05d9b\" data-element_type=\"widget\" data-settings=\"{&quot;_animation&quot;:&quot;fadeInRight&quot;}\" data-widget_type=\"image.default\">\n\t\t\t\t<div class=\"elementor-widget-container\">\n\t\t\t\t\t\t\t\t\t\t\t\t\t\t\t<img fetchpriority=\"high\" decoding=\"async\" width=\"612\" height=\"398\" src=\"https:\/\/www.tonelera8artesanos.com\/wp-content\/uploads\/2025\/03\/istockphoto-538065640-612x612-1.jpg\" class=\"attachment-medium_large size-medium_large wp-image-699\" alt=\"\" srcset=\"https:\/\/www.tonelera8artesanos.com\/wp-content\/uploads\/2025\/03\/istockphoto-538065640-612x612-1.jpg 612w, https:\/\/www.tonelera8artesanos.com\/wp-content\/uploads\/2025\/03\/istockphoto-538065640-612x612-1-300x195.jpg 300w\" sizes=\"(max-width: 612px) 100vw, 612px\" \/>\t\t\t\t\t\t\t\t\t\t\t\t\t\t\t<\/div>\n\t\t\t\t<\/div>\n\t\t\t\t<\/div>\n\t\t<div class=\"elementor-element elementor-element-009cb80 e-grid e-con-full elementor-invisible e-con e-parent\" data-id=\"009cb80\" data-element_type=\"container\" data-settings=\"{&quot;background_background&quot;:&quot;classic&quot;,&quot;animation&quot;:&quot;fadeIn&quot;}\">\n\t\t\t\t<div class=\"elementor-element elementor-element-2425454 elementor-invisible elementor-widget elementor-widget-image\" data-id=\"2425454\" data-element_type=\"widget\" data-settings=\"{&quot;_animation&quot;:&quot;fadeInLeft&quot;}\" data-widget_type=\"image.default\">\n\t\t\t\t<div class=\"elementor-widget-container\">\n\t\t\t\t\t\t\t\t\t\t\t\t\t\t\t<img decoding=\"async\" width=\"768\" height=\"512\" src=\"https:\/\/www.tonelera8artesanos.com\/wp-content\/uploads\/2025\/03\/Foto-17-3-25-20-51-35-2-768x512.jpg\" class=\"attachment-medium_large size-medium_large wp-image-748\" alt=\"\" srcset=\"https:\/\/www.tonelera8artesanos.com\/wp-content\/uploads\/2025\/03\/Foto-17-3-25-20-51-35-2-768x512.jpg 768w, https:\/\/www.tonelera8artesanos.com\/wp-content\/uploads\/2025\/03\/Foto-17-3-25-20-51-35-2-300x200.jpg 300w, https:\/\/www.tonelera8artesanos.com\/wp-content\/uploads\/2025\/03\/Foto-17-3-25-20-51-35-2-1024x683.jpg 1024w, https:\/\/www.tonelera8artesanos.com\/wp-content\/uploads\/2025\/03\/Foto-17-3-25-20-51-35-2-1536x1024.jpg 1536w, https:\/\/www.tonelera8artesanos.com\/wp-content\/uploads\/2025\/03\/Foto-17-3-25-20-51-35-2-1620x1080.jpg 1620w, https:\/\/www.tonelera8artesanos.com\/wp-content\/uploads\/2025\/03\/Foto-17-3-25-20-51-35-2.jpg 2048w\" sizes=\"(max-width: 768px) 100vw, 768px\" \/>\t\t\t\t\t\t\t\t\t\t\t\t\t\t\t<\/div>\n\t\t\t\t<\/div>\n\t\t\t\t<div class=\"elementor-element elementor-element-3e33477 e-transform elementor-invisible elementor-widget elementor-widget-text-editor\" data-id=\"3e33477\" data-element_type=\"widget\" data-settings=\"{&quot;_animation&quot;:&quot;fadeInRight&quot;,&quot;_transform_rotateZ_effect&quot;:{&quot;unit&quot;:&quot;px&quot;,&quot;size&quot;:&quot;&quot;,&quot;sizes&quot;:[]},&quot;_transform_rotateZ_effect_tablet&quot;:{&quot;unit&quot;:&quot;deg&quot;,&quot;size&quot;:&quot;&quot;,&quot;sizes&quot;:[]},&quot;_transform_rotateZ_effect_mobile&quot;:{&quot;unit&quot;:&quot;deg&quot;,&quot;size&quot;:&quot;&quot;,&quot;sizes&quot;:[]}}\" data-widget_type=\"text-editor.default\">\n\t\t\t\t<div class=\"elementor-widget-container\">\n\t\t\t\t\t\t\t\t\t<p><\/p>\n<p><br><\/p>\n<p><br><\/p>\n<p><br><\/p>\n<p><br><\/p><p>Nuestros <strong>maestros toneleros<\/strong> son herederos de esta <strong>tradici\u00f3n ancestral<\/strong>. Sus manos, curtidas por el trabajo y la experiencia, son las mismas que han dado forma a innumerables <strong>toneles<\/strong>, cada uno con su propia historia y personalidad, dise\u00f1ados para realzar los sabores de cada <strong>bebida<\/strong>.<\/p>\t\t\t\t\t\t\t\t<\/div>\n\t\t\t\t<\/div>\n\t\t\t\t<\/div>\n\t\t<div class=\"elementor-element elementor-element-23f6de8 e-grid e-con-full elementor-invisible e-con e-parent\" data-id=\"23f6de8\" data-element_type=\"container\" data-settings=\"{&quot;background_background&quot;:&quot;classic&quot;,&quot;animation&quot;:&quot;fadeIn&quot;}\">\n\t\t\t\t<div class=\"elementor-element elementor-element-02c1e43 e-transform elementor-invisible elementor-widget elementor-widget-text-editor\" data-id=\"02c1e43\" data-element_type=\"widget\" data-settings=\"{&quot;_animation&quot;:&quot;fadeInLeft&quot;,&quot;_transform_rotateZ_effect&quot;:{&quot;unit&quot;:&quot;px&quot;,&quot;size&quot;:&quot;&quot;,&quot;sizes&quot;:[]},&quot;_transform_rotateZ_effect_tablet&quot;:{&quot;unit&quot;:&quot;deg&quot;,&quot;size&quot;:&quot;&quot;,&quot;sizes&quot;:[]},&quot;_transform_rotateZ_effect_mobile&quot;:{&quot;unit&quot;:&quot;deg&quot;,&quot;size&quot;:&quot;&quot;,&quot;sizes&quot;:[]}}\" data-widget_type=\"text-editor.default\">\n\t\t\t\t<div class=\"elementor-widget-container\">\n\t\t\t\t\t\t\t\t\t<p>\u00a0<\/p><p><span style=\"font-size: 14px; color: var( --e-global-color-text ); font-family: Roboto, sans-serif;\">\u00a0<\/span><\/p><p>Con el paso del tiempo, hemos incorporado nuevas tecnolog\u00edas y t\u00e9cnicas, pero siempre manteniendo la esencia de la <strong>artesan\u00eda<\/strong>. La pasi\u00f3n por el oficio y el respeto por la <strong>tradici\u00f3n<\/strong> siguen siendo los pilares de nuestra labor, creando <strong>toneles<\/strong> que se adaptan a las necesidades de cada <strong>bebida<\/strong>.<\/p>\t\t\t\t\t\t\t\t<\/div>\n\t\t\t\t<\/div>\n\t\t\t\t<div class=\"elementor-element elementor-element-ab9a0f1 elementor-invisible elementor-widget elementor-widget-image\" data-id=\"ab9a0f1\" data-element_type=\"widget\" data-settings=\"{&quot;_animation&quot;:&quot;fadeInRight&quot;}\" data-widget_type=\"image.default\">\n\t\t\t\t<div class=\"elementor-widget-container\">\n\t\t\t\t\t\t\t\t\t\t\t\t\t\t\t<img decoding=\"async\" width=\"768\" height=\"512\" src=\"https:\/\/www.tonelera8artesanos.com\/wp-content\/uploads\/2025\/03\/Foto-17-3-25-20-51-36-1-768x512.jpg\" class=\"attachment-medium_large size-medium_large wp-image-750\" alt=\"\" srcset=\"https:\/\/www.tonelera8artesanos.com\/wp-content\/uploads\/2025\/03\/Foto-17-3-25-20-51-36-1-768x512.jpg 768w, https:\/\/www.tonelera8artesanos.com\/wp-content\/uploads\/2025\/03\/Foto-17-3-25-20-51-36-1-300x200.jpg 300w, https:\/\/www.tonelera8artesanos.com\/wp-content\/uploads\/2025\/03\/Foto-17-3-25-20-51-36-1-1024x683.jpg 1024w, https:\/\/www.tonelera8artesanos.com\/wp-content\/uploads\/2025\/03\/Foto-17-3-25-20-51-36-1-1536x1024.jpg 1536w, https:\/\/www.tonelera8artesanos.com\/wp-content\/uploads\/2025\/03\/Foto-17-3-25-20-51-36-1-1620x1080.jpg 1620w, https:\/\/www.tonelera8artesanos.com\/wp-content\/uploads\/2025\/03\/Foto-17-3-25-20-51-36-1.jpg 2048w\" sizes=\"(max-width: 768px) 100vw, 768px\" \/>\t\t\t\t\t\t\t\t\t\t\t\t\t\t\t<\/div>\n\t\t\t\t<\/div>\n\t\t\t\t<\/div>\n\t\t<div class=\"elementor-element elementor-element-fb1f1fa e-grid e-con-full elementor-invisible e-con e-parent\" data-id=\"fb1f1fa\" data-element_type=\"container\" data-settings=\"{&quot;background_background&quot;:&quot;classic&quot;,&quot;animation&quot;:&quot;fadeIn&quot;}\">\n\t\t\t\t<div class=\"elementor-element elementor-element-32981e1 elementor-invisible elementor-widget elementor-widget-image\" data-id=\"32981e1\" data-element_type=\"widget\" data-settings=\"{&quot;_animation&quot;:&quot;fadeInLeft&quot;}\" data-widget_type=\"image.default\">\n\t\t\t\t<div class=\"elementor-widget-container\">\n\t\t\t\t\t\t\t\t\t\t\t\t\t\t\t<img loading=\"lazy\" decoding=\"async\" width=\"768\" height=\"576\" src=\"https:\/\/www.tonelera8artesanos.com\/wp-content\/uploads\/2020\/06\/IMG-20190905-WA0009-768x576.jpg\" class=\"attachment-medium_large size-medium_large wp-image-331\" alt=\"\" srcset=\"https:\/\/www.tonelera8artesanos.com\/wp-content\/uploads\/2020\/06\/IMG-20190905-WA0009-768x576.jpg 768w, https:\/\/www.tonelera8artesanos.com\/wp-content\/uploads\/2020\/06\/IMG-20190905-WA0009-300x225.jpg 300w, https:\/\/www.tonelera8artesanos.com\/wp-content\/uploads\/2020\/06\/IMG-20190905-WA0009-1024x768.jpg 1024w, https:\/\/www.tonelera8artesanos.com\/wp-content\/uploads\/2020\/06\/IMG-20190905-WA0009-1536x1152.jpg 1536w, https:\/\/www.tonelera8artesanos.com\/wp-content\/uploads\/2020\/06\/IMG-20190905-WA0009-1440x1080.jpg 1440w, https:\/\/www.tonelera8artesanos.com\/wp-content\/uploads\/2020\/06\/IMG-20190905-WA0009.jpg 1600w\" sizes=\"(max-width: 768px) 100vw, 768px\" \/>\t\t\t\t\t\t\t\t\t\t\t\t\t\t\t<\/div>\n\t\t\t\t<\/div>\n\t\t\t\t<div class=\"elementor-element elementor-element-d08c003 e-transform elementor-invisible elementor-widget elementor-widget-text-editor\" data-id=\"d08c003\" data-element_type=\"widget\" data-settings=\"{&quot;_animation&quot;:&quot;fadeInRight&quot;,&quot;_transform_rotateZ_effect&quot;:{&quot;unit&quot;:&quot;px&quot;,&quot;size&quot;:&quot;&quot;,&quot;sizes&quot;:[]},&quot;_transform_rotateZ_effect_tablet&quot;:{&quot;unit&quot;:&quot;deg&quot;,&quot;size&quot;:&quot;&quot;,&quot;sizes&quot;:[]},&quot;_transform_rotateZ_effect_mobile&quot;:{&quot;unit&quot;:&quot;deg&quot;,&quot;size&quot;:&quot;&quot;,&quot;sizes&quot;:[]}}\" data-widget_type=\"text-editor.default\">\n\t\t\t\t<div class=\"elementor-widget-container\">\n\t\t\t\t\t\t\t\t\t<p>\u00a0<\/p><p>\u00a0<\/p><p>Hoy, nos enorgullece ofrecer <strong>toneles<\/strong> que son el resultado de la uni\u00f3n perfecta entre la <strong>tradici\u00f3n<\/strong> y la <strong>innovaci\u00f3n<\/strong>. Cada pieza es \u00fanica, fruto de la sabidur\u00eda ancestral de nuestros <strong>maestros toneleros<\/strong> y de su compromiso con la excelencia, creando <strong>toneles<\/strong> que realzan los sabores de cada <strong>bebida<\/strong>.<\/p>\t\t\t\t\t\t\t\t<\/div>\n\t\t\t\t<\/div>\n\t\t\t\t<\/div>\n\t\t\t\t<\/div>\n\t\t","protected":false},"excerpt":{"rendered":"<p>Nuestra historia se entrelaza con la de las bebidas m\u00e1s apreciadas del mundo, desde los vinos y whiskies milenarios, hasta los rones, ginebras, tequilas, mezcales, cervezas artesanales, sidras, vermuts y otras bebidas espirituosas Nuestros maestros toneleros son herederos de esta tradici\u00f3n ancestral. Sus manos, curtidas por el trabajo y la experiencia, son las mismas que&hellip; <br \/> <a class=\"button small blue\" href=\"https:\/\/www.tonelera8artesanos.com\/index.php\/la-empresa\/historia\/\">Leer m\u00e1s<\/a><\/p>\n","protected":false},"author":1,"featured_media":0,"parent":198,"menu_order":0,"comment_status":"closed","ping_status":"closed","template":"","meta":{"ngg_post_thumbnail":0,"footnotes":""},"class_list":["post-433","page","type-page","status-publish","hentry"],"_links":{"self":[{"href":"https:\/\/www.tonelera8artesanos.com\/index.php\/wp-json\/wp\/v2\/pages\/433","targetHints":{"allow":["GET"]}}],"collection":[{"href":"https:\/\/www.tonelera8artesanos.com\/index.php\/wp-json\/wp\/v2\/pages"}],"about":[{"href":"https:\/\/www.tonelera8artesanos.com\/index.php\/wp-json\/wp\/v2\/types\/page"}],"author":[{"embeddable":true,"href":"https:\/\/www.tonelera8artesanos.com\/index.php\/wp-json\/wp\/v2\/users\/1"}],"replies":[{"embeddable":true,"href":"https:\/\/www.tonelera8artesanos.com\/index.php\/wp-json\/wp\/v2\/comments?post=433"}],"version-history":[{"count":17,"href":"https:\/\/www.tonelera8artesanos.com\/index.php\/wp-json\/wp\/v2\/pages\/433\/revisions"}],"predecessor-version":[{"id":770,"href":"https:\/\/www.tonelera8artesanos.com\/index.php\/wp-json\/wp\/v2\/pages\/433\/revisions\/770"}],"up":[{"embeddable":true,"href":"https:\/\/www.tonelera8artesanos.com\/index.php\/wp-json\/wp\/v2\/pages\/198"}],"wp:attachment":[{"href":"https:\/\/www.tonelera8artesanos.com\/index.php\/wp-json\/wp\/v2\/media?parent=433"}],"curies":[{"name":"wp","href":"https:\/\/api.w.org\/{rel}","templated":true}]}}