{"id":423,"date":"2025-03-06T14:07:04","date_gmt":"2025-03-06T14:07:04","guid":{"rendered":"https:\/\/www.tonelera8artesanos.com\/?page_id=423"},"modified":"2025-03-20T10:15:33","modified_gmt":"2025-03-20T10:15:33","slug":"inicio","status":"publish","type":"page","link":"https:\/\/www.tonelera8artesanos.com\/","title":{"rendered":"Bienvenidos al Coraz\u00f3n de la Tradici\u00f3n Tonelera"},"content":{"rendered":"\t\t<div data-elementor-type=\"wp-page\" data-elementor-id=\"423\" class=\"elementor elementor-423\" data-elementor-post-type=\"page\">\n\t\t\t\t<div class=\"elementor-element elementor-element-7e9aede e-flex e-con-boxed e-con e-parent\" data-id=\"7e9aede\" data-element_type=\"container\" data-settings=\"{&quot;animation_mobile&quot;:&quot;fadeIn&quot;}\">\n\t\t\t\t\t<div class=\"e-con-inner\">\n\t\t\t\t<div class=\"elementor-element elementor-element-bfe6c0c premium-atext__switch elementor-widget elementor-widget-premium-addon-fancy-text\" data-id=\"bfe6c0c\" data-element_type=\"widget\" data-widget_type=\"premium-addon-fancy-text.default\">\n\t\t\t\t<div class=\"elementor-widget-container\">\n\t\t\t\t\t\t\t<div class=\"premium-atext__wrapper premium-atext__typing \" data-start-effect=\"page_load\" data-settings=\"{&quot;effect&quot;:&quot;typing&quot;,&quot;strings&quot;:[&quot;Tradici\\u00f3n Tonelera&quot;],&quot;typeSpeed&quot;:100,&quot;backSpeed&quot;:100,&quot;startDelay&quot;:30,&quot;backDelay&quot;:30,&quot;showCursor&quot;:true,&quot;loop&quot;:true,&quot;loading&quot;:false,&quot;style&quot;:&quot;switch&quot;}\">\n\n\t\t\t<h3 class=\"premium-atext__headline\">\n\t\t\t\t\t\t\t<span class=\"premium-prefix-text\">\n\t\t\t\t\t<span >Bienvenidos al Coraz\u00f3n de La<\/span>\n\t\t\t\t<\/span>\n\t\t\t\n\t\t\t\t\t\t<span class=\"premium-atext__text\"><\/span>\n\t\t\n\t\t\t\n\t\t\t\n\t\t\t<\/h3>\n\t\t<\/div>\n\t\t\t\t\t\t<\/div>\n\t\t\t\t<\/div>\n\t\t\t\t\t<\/div>\n\t\t\t\t<\/div>\n\t\t<div class=\"elementor-element elementor-element-99deba4 e-flex e-con-boxed e-con e-parent\" data-id=\"99deba4\" data-element_type=\"container\">\n\t\t\t\t\t<div class=\"e-con-inner\">\n\t\t\t\t<div class=\"elementor-element elementor-element-aee258f elementor-invisible elementor-widget elementor-widget-text-editor\" data-id=\"aee258f\" data-element_type=\"widget\" data-settings=\"{&quot;_animation&quot;:&quot;zoomInDown&quot;}\" data-widget_type=\"text-editor.default\">\n\t\t\t\t<div class=\"elementor-widget-container\">\n\t\t\t\t\t\t\t\t\t<p>En este espacio, donde el tiempo se mide en a\u00f1adas y la calidad se forja con manos expertas, encontrar\u00e1n mucho m\u00e1s que simples <strong>toneles<\/strong>. Aqu\u00ed, la <strong>madera<\/strong> cobra vida, transform\u00e1ndose en obras maestras que custodian los secretos de una amplia gama de <strong>bebidas<\/strong>, desde los <strong>vinos<\/strong> y <strong>whiskies<\/strong> m\u00e1s preciados, hasta <strong>rones<\/strong>, <strong>ginebras<\/strong>, <strong>tequilas<\/strong>, <strong>mezcales<\/strong>, <strong>cervezas artesanales<\/strong>, <strong>sidras<\/strong>, <strong>vermuts<\/strong> y otras <strong>bebidas espirituosas<\/strong>.<\/p><p>Nuestra <strong>toneler\u00eda artesana<\/strong> es un santuario donde convergen la pasi\u00f3n por el oficio y el respeto por las <strong>t\u00e9cnicas ancestrales<\/strong>. Cada <strong>duela<\/strong>, cada <strong>aro<\/strong>, cada detalle, es fruto de un meticuloso <strong>proceso artesanal<\/strong> que honra la nobleza de la <strong>madera<\/strong> y la sabidur\u00eda transmitida de generaci\u00f3n en generaci\u00f3n.<\/p><p>Les invitamos a descubrir un mundo donde la excelencia no es una meta, sino una esencia. Nuestros <strong>toneles<\/strong>, elaborados con <strong>maderas selectas<\/strong> y el saber hacer de <strong>maestros toneleros<\/strong>, son el resultado de un compromiso inquebrantable con la calidad y la autenticidad, adapt\u00e1ndose a las necesidades de cada <strong>bebida<\/strong>.<\/p><p>Si buscan <strong>toneles<\/strong> que trasciendan lo ordinario, que aporten car\u00e1cter y personalidad a sus <strong>vinos<\/strong>, <strong>whiskies<\/strong>, <strong>rones<\/strong>, <strong>ginebras<\/strong>, <strong>cervezas<\/strong> y dem\u00e1s <strong>bebidas<\/strong>, han llegado al lugar indicado.<\/p><p>Aqu\u00ed, la <strong>tradici\u00f3n<\/strong> y la <strong>maestr\u00eda<\/strong> se unen para crear los mejores <strong>toneles artesanos<\/strong> del mundo, capaces de realzar los sabores y aromas de cada creaci\u00f3n.<\/p>\t\t\t\t\t\t\t\t<\/div>\n\t\t\t\t<\/div>\n\t\t\t\t\t<\/div>\n\t\t\t\t<\/div>\n\t\t<div class=\"elementor-element elementor-element-dc44c92 e-flex e-con-boxed e-con e-parent\" data-id=\"dc44c92\" data-element_type=\"container\">\n\t\t\t\t\t<div class=\"e-con-inner\">\n\t\t\t\t<div class=\"elementor-element elementor-element-352dcaf elementor-align-center elementor-widget elementor-widget-button\" data-id=\"352dcaf\" data-element_type=\"widget\" data-widget_type=\"button.default\">\n\t\t\t\t<div class=\"elementor-widget-container\">\n\t\t\t\t\t\t\t\t\t<div class=\"elementor-button-wrapper\">\n\t\t\t\t\t<a class=\"elementor-button elementor-button-link elementor-size-sm\" href=\"https:\/\/www.tonelera8artesanos.com\/index.php\/la-empresa\/\">\n\t\t\t\t\t\t<span class=\"elementor-button-content-wrapper\">\n\t\t\t\t\t\t\t\t\t<span class=\"elementor-button-text\">CON\u00d3CENOS<\/span>\n\t\t\t\t\t<\/span>\n\t\t\t\t\t<\/a>\n\t\t\t\t<\/div>\n\t\t\t\t\t\t\t\t<\/div>\n\t\t\t\t<\/div>\n\t\t\t\t\t<\/div>\n\t\t\t\t<\/div>\n\t\t\t\t<\/div>\n\t\t","protected":false},"excerpt":{"rendered":"<p>Bienvenidos al Coraz\u00f3n de La En este espacio, donde el tiempo se mide en a\u00f1adas y la calidad se forja con manos expertas, encontrar\u00e1n mucho m\u00e1s que simples toneles. Aqu\u00ed, la madera cobra vida, transform\u00e1ndose en obras maestras que custodian los secretos de una amplia gama de bebidas, desde los vinos y whiskies m\u00e1s preciados,&hellip; <br \/> <a class=\"button small blue\" href=\"https:\/\/www.tonelera8artesanos.com\/\">Leer m\u00e1s<\/a><\/p>\n","protected":false},"author":1,"featured_media":0,"parent":0,"menu_order":0,"comment_status":"closed","ping_status":"closed","template":"","meta":{"ngg_post_thumbnail":0,"footnotes":""},"class_list":["post-423","page","type-page","status-publish","hentry"],"_links":{"self":[{"href":"https:\/\/www.tonelera8artesanos.com\/index.php\/wp-json\/wp\/v2\/pages\/423","targetHints":{"allow":["GET"]}}],"collection":[{"href":"https:\/\/www.tonelera8artesanos.com\/index.php\/wp-json\/wp\/v2\/pages"}],"about":[{"href":"https:\/\/www.tonelera8artesanos.com\/index.php\/wp-json\/wp\/v2\/types\/page"}],"author":[{"embeddable":true,"href":"https:\/\/www.tonelera8artesanos.com\/index.php\/wp-json\/wp\/v2\/users\/1"}],"replies":[{"embeddable":true,"href":"https:\/\/www.tonelera8artesanos.com\/index.php\/wp-json\/wp\/v2\/comments?post=423"}],"version-history":[{"count":48,"href":"https:\/\/www.tonelera8artesanos.com\/index.php\/wp-json\/wp\/v2\/pages\/423\/revisions"}],"predecessor-version":[{"id":849,"href":"https:\/\/www.tonelera8artesanos.com\/index.php\/wp-json\/wp\/v2\/pages\/423\/revisions\/849"}],"wp:attachment":[{"href":"https:\/\/www.tonelera8artesanos.com\/index.php\/wp-json\/wp\/v2\/media?parent=423"}],"curies":[{"name":"wp","href":"https:\/\/api.w.org\/{rel}","templated":true}]}}